{"id":153,"date":"2021-01-03T17:51:37","date_gmt":"2021-01-03T16:51:37","guid":{"rendered":"https:\/\/www.bioteka-piestany.sk\/?page_id=153"},"modified":"2021-03-16T22:20:50","modified_gmt":"2021-03-16T21:20:50","slug":"pre-zvierata","status":"publish","type":"page","link":"https:\/\/www.bioteka-piestany.sk\/?page_id=153","title":{"rendered":"Pre zvierat\u00e1"},"content":{"rendered":"\t\t<div data-elementor-type=\"wp-page\" data-elementor-id=\"153\" class=\"elementor elementor-153\">\n\t\t\t\t\t\t<div class=\"elementor-inner\">\n\t\t\t\t<div class=\"elementor-section-wrap\">\n\t\t\t\t\t\t\t\t\t<section class=\"elementor-section elementor-top-section elementor-element elementor-element-82bd97e elementor-section-boxed elementor-section-height-default elementor-section-height-default\" data-id=\"82bd97e\" data-element_type=\"section\">\n\t\t\t\t\t\t<div class=\"elementor-container elementor-column-gap-default\">\n\t\t\t\t\t\t\t<div class=\"elementor-row\">\n\t\t\t\t\t<div class=\"elementor-column elementor-col-100 elementor-top-column elementor-element elementor-element-7b4ece7\" data-id=\"7b4ece7\" data-element_type=\"column\">\n\t\t\t<div class=\"elementor-column-wrap elementor-element-populated\">\n\t\t\t\t\t\t\t<div class=\"elementor-widget-wrap\">\n\t\t\t\t\t\t<div class=\"elementor-element elementor-element-6c0c972 elementor-widget elementor-widget-text-editor\" data-id=\"6c0c972\" data-element_type=\"widget\" data-widget_type=\"text-editor.default\">\n\t\t\t\t<div class=\"elementor-widget-container\">\n\t\t\t\t\t\t\t\t<div class=\"elementor-text-editor elementor-clearfix\">\n\t\t\t\t<h2 style=\"text-align: center;\">BACHOVE ESENCIE PRE ZVIERAT\u00c1<\/h2><p style=\"text-align: left;\"><strong>Ako si vybra\u0165 Bachove kvetov\u00e9 esencie?<\/strong><\/p><p>Princ\u00edpom Bachovej terapie je harmoniz\u00e1cia emocion\u00e1lneho a psychick\u00e9ho nap\u00e4tia. Dr. Bach bol presved\u010den\u00fd, \u017ee pr\u00ed\u010dinou mnoh\u00fdch chor\u00f4b je pr\u00e1ve nevyrovnanos\u0165, nerovnov\u00e1ha v psychike a emocionalite a negat\u00edvny stav mysle. Esencie, ktor\u00fdm zasv\u00e4til svoj \u017eivot, pom\u00e1haj\u00fa obnovi\u0165 psychick\u00fa a emocion\u00e1lnu rovnov\u00e1hu.\u00a0Bachove kvetov\u00e9 esencie anglick\u00e9ho v\u00fdrobcu Healing Herbs, pou\u017e\u00edvaj\u00faceho origin\u00e1lne postupy Dr. Bacha. Bachove kvetov\u00e9 esencie nemaj\u00fa ne\u017eiad\u00face \u00fa\u010dinky a s ve\u013ek\u00fdm \u00faspechom ich pou\u017e\u00edvame aj u det\u00ed, zvierat a tehotn\u00fdch \u017eien. Esencie sa u\u017e\u00edvaj\u00fa bu\u010f samostatne alebo v zmesi maxim\u00e1lne siedmych esenci\u00ed.<strong>\u00a0Jednotliv\u00e9 esencie si m\u00f4\u017eete vybra\u0165 sami na z\u00e1klade Va\u0161ich \u0165a\u017ekost\u00ed alebo sa m\u00f4\u017eete obr\u00e1ti\u0165 na m\u0148a a rada V\u00e1m oh\u013eadne v\u00fdberu poskytnem poradenstvo. M\u00f4\u017eete ma kontaktova\u0165 telefonicky na \u010d\u00edsle\u00a0<u>0908 075 378<\/u>\u00a0alebo mailom na\u00a0<u>info@bioteka-piestany.sk<\/u><\/strong>\u00a0a uve\u010fte kvety, ktor\u00e9 si \u017eel\u00e1te aby som V\u00e1m namie\u0161ala. T\u00fato zmes je potrebn\u00e9 zmes dou\u017e\u00edva\u0165 do 1 mesiaca od namie\u0161ania (doba exspir\u00e1cie je v\u017edy uveden\u00e1 na obale).<\/p><table width=\"830\"><tbody><tr><td width=\"25\"><p><strong>3.<\/strong><\/p><\/td><td width=\"152\"><p><strong>Aspen<\/strong><\/p><\/td><td width=\"199\"><p><strong><em>Topo\u013e osikov\u00fd<\/em><\/strong><\/p><\/td><td width=\"441\"><p><em>pre ve\u013emi bojazliv\u00e9 zviera, ktor\u00e9 m\u00e1 strach, ktor\u00e9ho p\u00f4vod nie sme schopn\u00ed odhadn\u00fa\u0165 (v pr\u00edpade ak vieme pr\u00ed\u010dinu pou\u017e\u00edvame Mimulus), \u010dast\u00fdm prejavom je celotelov\u00fd tras<\/em><\/p><\/td><\/tr><tr><td width=\"25\"><p><strong>4.<\/strong><\/p><\/td><td width=\"152\"><p><strong>Centaury<\/strong><\/p><\/td><td width=\"199\"><p><strong><em>Zeme\u017el\u010d men\u0161ia<\/em><\/strong><\/p><\/td><td width=\"441\"><p><em>pre ve\u013emi poslu\u0161n\u00e9 zviera, ktor\u00e9 posl\u00fachne \u00faplne ka\u017ed\u00e9ho, tak\u00e9to psi napr\u00edklad sa nem\u00f4\u017eu ani vyu\u017e\u00edva\u0165 na str\u00e1\u017eenie, nechaj\u00fa sa tyranizova\u0165 ostatn\u00fdmi zvieratami vo svorke, \u010dasto sa ani nena\u017eer\u00fa, preto\u017ee ostatn\u00ed ich odstr\u010dia<\/em><\/p><\/td><\/tr><tr><td width=\"25\"><p><strong>6.<\/strong><\/p><\/td><td width=\"152\"><p><strong>Cherry Plum<\/strong><\/p><\/td><td width=\"199\"><p><strong><em>Slivka \u010dere\u0161\u0148oplod\u00e1<\/em><\/strong><\/p><\/td><td width=\"441\"><p><em>pou\u017e\u00edva sa napr\u00edklad po oper\u00e1ci\u00e1ch, kedy zviera nem\u00f4\u017ee ovl\u00e1dnu\u0165 impulz po\u0161kraba\u0165 si zranen\u00e9 miesto alebo u ma\u010diek, ktor\u00e9 sa \u010distia tak ve\u013ea, a\u017e si po\u0161kodzuj\u00fa ko\u017eu<\/em><\/p><\/td><\/tr><tr><td width=\"25\"><p><strong>7.<\/strong><\/p><\/td><td width=\"152\"><p><strong>Chestnut Bud<\/strong><\/p><\/td><td width=\"199\"><p><strong><em>Puk Paga\u0161tanu konsk\u00e9ho<\/em><\/strong><\/p><\/td><td width=\"441\"><p><em>je vhodn\u00fd, ak m\u00e1 zviera probl\u00e9my s u\u010den\u00edm a pou\u010den\u00edm sa z minul\u00fdch chyb, napr\u00edklad, ke\u010f je pes pokarhan\u00fd za to, \u017ee u\u0161e vank\u00fa\u0161e a\u00a0napriek tomu v tom st\u00e1le pokra\u010duje<\/em><\/p><\/td><\/tr><tr><td width=\"25\"><p><strong>8.<\/strong><\/p><\/td><td width=\"152\"><p><strong>Chicory<\/strong><\/p><\/td><td width=\"199\"><p><strong><em>\u010cakanka oby\u010dajn\u00e1<\/em><\/strong><\/p><\/td><td width=\"441\"><p><em>vhodn\u00e1 pre pr\u00edli\u0161 majetn\u00edcke zvierat\u00e1, ktor\u00e9 si na V\u00e1s robia extr\u00e9mne n\u00e1roky, tie\u017e pre zvierat\u00e1, ktor\u00e9 si prehnane hr\u00e1nia rodinu alebo ich jednotliv\u00fdch \u010dlenov<\/em><\/p><\/td><\/tr><tr><td width=\"25\"><p><strong>15.<\/strong><\/p><\/td><td width=\"152\"><p><strong>Holly<\/strong><\/p><\/td><td width=\"199\"><p><strong><em>Cezm\u00edna ostrolist\u00e1<\/em><\/strong><\/p><\/td><td width=\"441\"><p><em>pom\u00e1ha s negat\u00edvnymi em\u00f3ciami ako \u017eiarlivos\u0165, nen\u00e1vis\u0165 \u010di z\u00e1vis\u0165, u zvierat sa tieto stavy m\u00f4\u017eu prejavi\u0165 napr\u00edklad agresivitou \u010di ni\u010den\u00edm okolia, je to \u010dast\u00e9 napr\u00edklad pri naroden\u00ed die\u0165a\u0165a do rodiny, kde do tej doby kra\u013eovalo zviera, je potrebn\u00e9 sa v\u017edy spr\u00e1vne rozhodn\u00fa\u0165, \u010di je napr\u00edklad agresivita naozaj d\u00f4sledkom vy\u0161\u0161ie zmienen\u00fdch\u00a0 em\u00f3ci\u00ed, pr\u00ed\u010dinou m\u00f4\u017ee by\u0165 napr\u00edklad strach<\/em><\/p><\/td><\/tr><tr><td width=\"25\"><p><strong>16.<\/strong><\/p><\/td><td width=\"152\"><p><strong>Honeysuckle<\/strong><\/p><\/td><td width=\"199\"><p><strong><em>Zemolez koz\u00ed<\/em><\/strong><\/p><\/td><td width=\"441\"><p><em>je mo\u017en\u00e9 pou\u017ei\u0165 napr\u00edklad v pr\u00edpade, ke\u010f zviera pri\u0161lo o svojho majite\u013ea a je vidie\u0165, \u017ee mu je smutno a\u00a0ch\u00fdba mu<\/em><\/p><\/td><\/tr><tr><td width=\"25\"><p><strong>18.<\/strong><\/p><\/td><td width=\"152\"><p><strong>Impatiens<\/strong><\/p><\/td><td width=\"199\"><p><strong><em>Net\u00fdkavka \u017eliazkat\u00e1<\/em><\/strong><\/p><\/td><td width=\"441\"><p><em>pre netrpezliv\u00e9 zviera, ktor\u00e9 nevie po\u010dka\u0165, nevie vydr\u017ea\u0165 na jednom mieste, nedok\u00e1\u017ee vydr\u017ea\u0165 nepr\u00edtomnos\u0165 majite\u013ea, \u010di u\u017e doma, alebo pred obchodom<\/em><\/p><p>\u00a0<\/p><\/td><\/tr><tr><td width=\"25\"><p><strong>20.<\/strong><\/p><\/td><td width=\"152\"><p><strong>Mimulus<\/strong><\/p><\/td><td width=\"199\"><p><strong><em>\u010carodejka \u0161kvrnit\u00e1<\/em><\/strong><\/p><\/td><td width=\"441\"><p><em>pre zvierat\u00e1, ktor\u00e9 maj\u00fa strach z konkr\u00e9tnej situ\u00e1cie, maj\u00fa strach napr\u00edklad z dopravn\u00fdch prostriedkov, z \u013eud\u00ed, z veterin\u00e1ra, z in\u00fdch zvierat<\/em><\/p><p>\u00a0<\/p><\/td><\/tr><tr><td width=\"25\"><p><strong>23.<\/strong><\/p><\/td><td width=\"152\"><p><strong>Olive<\/strong><\/p><\/td><td width=\"199\"><p><strong><em>Oliva eur\u00f3pska<\/em><\/strong><\/p><\/td><td width=\"441\"><p><em>je vhodn\u00e1 pri ve\u013ekej \u00fanave a vy\u010derpan\u00ed, napr\u00edklad po oper\u00e1cii, po p\u00f4rode, u pracovn\u00fdch zvierat \u010di zvierat z\u00e1vodn\u00fdch<\/em><\/p><\/td><\/tr><tr><td width=\"25\"><p><strong>26.<\/strong><\/p><\/td><td width=\"152\"><p><strong>Rock Rose<\/strong><\/p><\/td><td width=\"199\"><p><strong><em>Dev\u00e4torn\u00edk penia\u017ekov\u00fd<\/em><\/strong><\/p><\/td><td width=\"441\"><p><em>pou\u017e\u00edva sa naj\u010dastej\u0161ie u panick\u00e9ho strachu vyvolan\u00e9ho oh\u0148ostrojom \u010di b\u00farkou, ale tak\u00fdto strach m\u00f4\u017ee prich\u00e1dza\u0165 napr\u00edklad i pri n\u00e1v\u0161teve veterin\u00e1ra \u010di pri cestovan\u00ed<\/em><\/p><\/td><\/tr><tr><td width=\"25\"><p><strong>29.<\/strong><\/p><\/td><td width=\"152\"><p><strong>Star of Bethlehem<\/strong><\/p><\/td><td width=\"199\"><p><strong><em>Bledavka okol\u00edkat\u00e1<\/em><\/strong><\/p><\/td><td width=\"441\"><p><em>vhodn\u00e9 pre zvierat\u00e1, ktor\u00e9 za\u017eili nejak\u00fd \u0161ok \u010di traumu, m\u00f4\u017ee \u00eds\u0165 i o traumy z minulosti, tak\u017ee toto je vhodn\u00e1 esencia napr\u00edklad pre zvierat\u00e1 z \u00fatulku<\/em><\/p><\/td><\/tr><tr><td width=\"25\"><p><strong>31.<\/strong><\/p><\/td><td width=\"152\"><p><strong>Vervain<\/strong><\/p><\/td><td width=\"199\"><p><strong><em>\u017delezn\u00edk lek\u00e1rsky<\/em><\/strong><\/p><\/td><td width=\"441\"><p><em>zvierat\u00e1, ktor\u00e9 potrebuj\u00fa \u017eelzn\u00edk, s\u00fa ve\u013emi akt\u00edvne, skoro v\u00f4bec nezost\u00e1vaj\u00fa v pokoji, psi sk\u00e1\u010du na \u013eud\u00ed, lietaj\u00fa bl\u00e1znivo za aportom, zvierat\u00e1 m\u00f4\u017eu by\u0165 aj podr\u00e1\u017eden\u00e9<\/em><\/p><\/td><\/tr><tr><td width=\"25\"><p><strong>32.<\/strong><\/p><\/td><td width=\"152\"><p><strong>Vine<\/strong><\/p><\/td><td width=\"199\"><p><strong><em>Vini\u010d hroznorod\u00fd<\/em><\/strong><\/p><\/td><td width=\"441\"><p><em>t\u00e1to esencia je vhodn\u00e1 pre ve\u013emi dominantn\u00e9 zvierat\u00e1, ktor\u00e9 si tvrdo podma\u0148uj\u00fa svoje okolie \u010di u\u017e ostatn\u00e9 zvierat\u00e1 alebo i svojho majite\u013ea<\/em><\/p><\/td><\/tr><tr><td width=\"25\"><p><strong>33.<\/strong><\/p><\/td><td width=\"152\"><p><strong>Walnut<\/strong><\/p><\/td><td width=\"199\"><p><strong><em>Orech kr\u00e1\u013eovsk\u00fd<\/em><\/strong><\/p><\/td><td width=\"441\"><p><em>je vhodn\u00fd v obdob\u00ed zmien, ktor\u00e9 pom\u00e1haj\u00fa lep\u0161ie zvl\u00e1dnu\u0165, napr\u00edklad ke\u010f sa s\u0165ahujete i so zviera\u0165om, ke\u010f zviera men\u00ed majite\u013ea, v pr\u00edpade, \u017ee do dom\u00e1cnosti pribudne nov\u00e9 zviera alebo i die\u0165a \u010di v pr\u00edpade, \u017ee mus\u00edte necha\u0165 svoje zviera u zn\u00e1mych po dobu svojej dovolenky<\/em><\/p><\/td><\/tr><tr><td width=\"25\"><p><strong>37.<\/strong><\/p><\/td><td width=\"152\"><p><strong>Wild Rose<\/strong><\/p><\/td><td width=\"199\"><p><strong><em>Ru\u017ea \u0161\u00edpov\u00e1<\/em><\/strong><\/p><\/td><td width=\"441\"><p><em>reaguje apaticky a bez vn\u00fatorn\u00e9ho z\u00e1ujmu<\/em><\/p><\/td><\/tr><\/tbody><\/table><p><strong>V ak\u00fatnom pr\u00edpade dajte zviera\u0165u 4 kvapky<a href=\"http:\/\/www.dotyky-duhy.sk\/dotykyduhy-sk\/eshop\/42-1-Krizove-esencie\">\u00a0<\/a>Kr\u00edzovej esencie \/Five Flower Remedy 30 ml\/<\/strong>\u00a0. D\u00e1vku m\u00f4\u017eete nieko\u013ekokr\u00e1t zopakova\u0165 pod\u013ea potreby. Pokia\u013e nie je mo\u017en\u00e9 zviera\u0165u kvapn\u00fa\u0165 do \u00fast, kvapnite si do dlane a nechajte ho to ol\u00edza\u0165. Ak ani to nie je mo\u017en\u00e9 sk\u00faste mu jemne potrie\u0165 kvapkami \u0148uf\u00e1k, labky, miesta kde je c\u00edti\u0165 tep.<\/p>\t\t\t\t\t<\/div>\n\t\t\t\t\t\t<\/div>\n\t\t\t\t<\/div>\n\t\t\t\t\t\t<\/div>\n\t\t\t\t\t<\/div>\n\t\t<\/div>\n\t\t\t\t\t\t\t\t<\/div>\n\t\t\t\t\t<\/div>\n\t\t<\/section>\n\t\t\t\t<section class=\"elementor-section elementor-top-section elementor-element elementor-element-37038c0 elementor-section-boxed elementor-section-height-default elementor-section-height-default\" data-id=\"37038c0\" data-element_type=\"section\">\n\t\t\t\t\t\t<div class=\"elementor-container elementor-column-gap-default\">\n\t\t\t\t\t\t\t<div class=\"elementor-row\">\n\t\t\t\t\t<div class=\"elementor-column elementor-col-100 elementor-top-column elementor-element elementor-element-5ed5e27\" data-id=\"5ed5e27\" data-element_type=\"column\">\n\t\t\t<div class=\"elementor-column-wrap elementor-element-populated\">\n\t\t\t\t\t\t\t<div class=\"elementor-widget-wrap\">\n\t\t\t\t\t\t<div class=\"elementor-element elementor-element-5504bf7 elementor-widget elementor-widget-spacer\" data-id=\"5504bf7\" data-element_type=\"widget\" data-widget_type=\"spacer.default\">\n\t\t\t\t<div class=\"elementor-widget-container\">\n\t\t\t\t\t<div class=\"elementor-spacer\">\n\t\t\t<div class=\"elementor-spacer-inner\"><\/div>\n\t\t<\/div>\n\t\t\t\t<\/div>\n\t\t\t\t<\/div>\n\t\t\t\t\t\t<\/div>\n\t\t\t\t\t<\/div>\n\t\t<\/div>\n\t\t\t\t\t\t\t\t<\/div>\n\t\t\t\t\t<\/div>\n\t\t<\/section>\n\t\t\t\t\t\t\t\t\t<\/div>\n\t\t\t<\/div>\n\t\t\t\t\t<\/div>\n\t\t","protected":false},"excerpt":{"rendered":"<p>BACHOVE ESENCIE PRE ZVIERAT\u00c1 Ako si vybra\u0165 Bachove kvetov\u00e9 esencie? Princ\u00edpom Bachovej terapie je harmoniz\u00e1cia emocion\u00e1lneho a psychick\u00e9ho nap\u00e4tia. Dr. Bach bol presved\u010den\u00fd, \u017ee pr\u00ed\u010dinou mnoh\u00fdch chor\u00f4b je pr\u00e1ve nevyrovnanos\u0165, nerovnov\u00e1ha v psychike a emocionalite a negat\u00edvny stav mysle. Esencie, ktor\u00fdm zasv\u00e4til svoj \u017eivot, pom\u00e1haj\u00fa obnovi\u0165 psychick\u00fa a emocion\u00e1lnu rovnov\u00e1hu.\u00a0Bachove kvetov\u00e9 esencie anglick\u00e9ho v\u00fdrobcu Healing&#8230;<\/p>\n","protected":false},"author":1,"featured_media":0,"parent":0,"menu_order":0,"comment_status":"closed","ping_status":"closed","template":"","meta":{"_monsterinsights_skip_tracking":false,"_monsterinsights_sitenote_active":false,"_monsterinsights_sitenote_note":"","_monsterinsights_sitenote_category":0,"footnotes":""},"class_list":["post-153","page","type-page","status-publish","hentry"],"yoast_head":"<!-- This site is optimized with the Yoast SEO plugin v16.0 - https:\/\/yoast.com\/wordpress\/plugins\/seo\/ -->\n<title>Pre zvierat\u00e1 - Biot\u00e9ka Pie\u0161\u0165any<\/title>\n<link rel=\"canonical\" href=\"https:\/\/www.bioteka-piestany.sk\/?page_id=153\" \/>\n<meta property=\"og:locale\" content=\"sk_SK\" \/>\n<meta property=\"og:type\" content=\"article\" \/>\n<meta property=\"og:title\" content=\"Pre zvierat\u00e1 - Biot\u00e9ka Pie\u0161\u0165any\" \/>\n<meta property=\"og:description\" content=\"BACHOVE ESENCIE PRE ZVIERAT\u00c1 Ako si vybra\u0165 Bachove kvetov\u00e9 esencie? Princ\u00edpom Bachovej terapie je harmoniz\u00e1cia emocion\u00e1lneho a psychick\u00e9ho nap\u00e4tia. Dr. Bach bol presved\u010den\u00fd, \u017ee pr\u00ed\u010dinou mnoh\u00fdch chor\u00f4b je pr\u00e1ve nevyrovnanos\u0165, nerovnov\u00e1ha v psychike a emocionalite a negat\u00edvny stav mysle. Esencie, ktor\u00fdm zasv\u00e4til svoj \u017eivot, pom\u00e1haj\u00fa obnovi\u0165 psychick\u00fa a emocion\u00e1lnu rovnov\u00e1hu.\u00a0Bachove kvetov\u00e9 esencie anglick\u00e9ho v\u00fdrobcu Healing...\" \/>\n<meta property=\"og:url\" content=\"https:\/\/www.bioteka-piestany.sk\/?page_id=153\" \/>\n<meta property=\"og:site_name\" content=\"Biot\u00e9ka Pie\u0161\u0165any\" \/>\n<meta property=\"article:modified_time\" content=\"2021-03-16T21:20:50+00:00\" \/>\n<meta name=\"twitter:card\" content=\"summary_large_image\" \/>\n<meta name=\"twitter:label1\" content=\"Predpokladan\u00fd \u010das \u010d\u00edtania\">\n\t<meta name=\"twitter:data1\" content=\"4 min\u00faty\">\n<script type=\"application\/ld+json\" class=\"yoast-schema-graph\">{\"@context\":\"https:\/\/schema.org\",\"@graph\":[{\"@type\":\"WebSite\",\"@id\":\"https:\/\/www.bioteka-piestany.sk\/#website\",\"url\":\"https:\/\/www.bioteka-piestany.sk\/\",\"name\":\"Biot\\u00e9ka Pie\\u0161\\u0165any\",\"description\":\"\",\"potentialAction\":[{\"@type\":\"SearchAction\",\"target\":\"https:\/\/www.bioteka-piestany.sk\/?s={search_term_string}\",\"query-input\":\"required name=search_term_string\"}],\"inLanguage\":\"sk-SK\"},{\"@type\":\"WebPage\",\"@id\":\"https:\/\/www.bioteka-piestany.sk\/?page_id=153#webpage\",\"url\":\"https:\/\/www.bioteka-piestany.sk\/?page_id=153\",\"name\":\"Pre zvierat\\u00e1 - Biot\\u00e9ka Pie\\u0161\\u0165any\",\"isPartOf\":{\"@id\":\"https:\/\/www.bioteka-piestany.sk\/#website\"},\"datePublished\":\"2021-01-03T16:51:37+00:00\",\"dateModified\":\"2021-03-16T21:20:50+00:00\",\"breadcrumb\":{\"@id\":\"https:\/\/www.bioteka-piestany.sk\/?page_id=153#breadcrumb\"},\"inLanguage\":\"sk-SK\",\"potentialAction\":[{\"@type\":\"ReadAction\",\"target\":[\"https:\/\/www.bioteka-piestany.sk\/?page_id=153\"]}]},{\"@type\":\"BreadcrumbList\",\"@id\":\"https:\/\/www.bioteka-piestany.sk\/?page_id=153#breadcrumb\",\"itemListElement\":[{\"@type\":\"ListItem\",\"position\":1,\"item\":{\"@type\":\"WebPage\",\"@id\":\"https:\/\/www.bioteka-piestany.sk\/\",\"url\":\"https:\/\/www.bioteka-piestany.sk\/\",\"name\":\"Home\"}},{\"@type\":\"ListItem\",\"position\":2,\"item\":{\"@type\":\"WebPage\",\"@id\":\"https:\/\/www.bioteka-piestany.sk\/?page_id=153\",\"url\":\"https:\/\/www.bioteka-piestany.sk\/?page_id=153\",\"name\":\"Pre zvierat\\u00e1\"}}]}]}<\/script>\n<!-- \/ Yoast SEO plugin. -->","_links":{"self":[{"href":"https:\/\/www.bioteka-piestany.sk\/index.php?rest_route=\/wp\/v2\/pages\/153","targetHints":{"allow":["GET"]}}],"collection":[{"href":"https:\/\/www.bioteka-piestany.sk\/index.php?rest_route=\/wp\/v2\/pages"}],"about":[{"href":"https:\/\/www.bioteka-piestany.sk\/index.php?rest_route=\/wp\/v2\/types\/page"}],"author":[{"embeddable":true,"href":"https:\/\/www.bioteka-piestany.sk\/index.php?rest_route=\/wp\/v2\/users\/1"}],"replies":[{"embeddable":true,"href":"https:\/\/www.bioteka-piestany.sk\/index.php?rest_route=%2Fwp%2Fv2%2Fcomments&post=153"}],"version-history":[{"count":6,"href":"https:\/\/www.bioteka-piestany.sk\/index.php?rest_route=\/wp\/v2\/pages\/153\/revisions"}],"predecessor-version":[{"id":684,"href":"https:\/\/www.bioteka-piestany.sk\/index.php?rest_route=\/wp\/v2\/pages\/153\/revisions\/684"}],"wp:attachment":[{"href":"https:\/\/www.bioteka-piestany.sk\/index.php?rest_route=%2Fwp%2Fv2%2Fmedia&parent=153"}],"curies":[{"name":"wp","href":"https:\/\/api.w.org\/{rel}","templated":true}]}}